{"id":319,"date":"2023-05-14T17:14:25","date_gmt":"2023-05-14T15:14:25","guid":{"rendered":"https:\/\/centremamgabon.org\/?page_id=319"},"modified":"2024-04-17T19:37:27","modified_gmt":"2024-04-17T17:37:27","slug":"quest-ce-que-lautisme-et-les-troubles-associes","status":"publish","type":"page","link":"https:\/\/centremamgabon.org\/?page_id=319","title":{"rendered":"Qu&rsquo;est ce l&rsquo;autisme  ?"},"content":{"rendered":"\t\t<div data-elementor-type=\"wp-page\" data-elementor-id=\"319\" class=\"elementor elementor-319\">\n\t\t\t\t\t\t\t\t\t<section class=\"elementor-section elementor-top-section elementor-element elementor-element-4975d6e elementor-section-full_width elementor-section-stretched elementor-section-height-default elementor-section-height-default\" data-id=\"4975d6e\" data-element_type=\"section\" data-settings=\"{&quot;stretch_section&quot;:&quot;section-stretched&quot;,&quot;background_background&quot;:&quot;classic&quot;}\">\n\t\t\t\t\t\t<div class=\"elementor-container elementor-column-gap-default\">\n\t\t\t\t\t<div class=\"elementor-column elementor-col-100 elementor-top-column elementor-element elementor-element-05a2313\" data-id=\"05a2313\" data-element_type=\"column\">\n\t\t\t<div class=\"elementor-widget-wrap elementor-element-populated\">\n\t\t\t\t\t\t\t\t<div class=\"elementor-element elementor-element-8484dd6 elementor-widget elementor-widget-spacer\" data-id=\"8484dd6\" data-element_type=\"widget\" data-widget_type=\"spacer.default\">\n\t\t\t\t<div class=\"elementor-widget-container\">\n\t\t\t<style>\/*! elementor - v3.13.3 - 28-05-2023 *\/\n.elementor-column .elementor-spacer-inner{height:var(--spacer-size)}.e-con{--container-widget-width:100%}.e-con-inner>.elementor-widget-spacer,.e-con>.elementor-widget-spacer{width:var(--container-widget-width,var(--spacer-size));--align-self:var(--container-widget-align-self,initial);--flex-shrink:0}.e-con-inner>.elementor-widget-spacer>.elementor-widget-container,.e-con-inner>.elementor-widget-spacer>.elementor-widget-container>.elementor-spacer,.e-con>.elementor-widget-spacer>.elementor-widget-container,.e-con>.elementor-widget-spacer>.elementor-widget-container>.elementor-spacer{height:100%}.e-con-inner>.elementor-widget-spacer>.elementor-widget-container>.elementor-spacer>.elementor-spacer-inner,.e-con>.elementor-widget-spacer>.elementor-widget-container>.elementor-spacer>.elementor-spacer-inner{height:var(--container-widget-height,var(--spacer-size))}<\/style>\t\t<div class=\"elementor-spacer\">\n\t\t\t<div class=\"elementor-spacer-inner\"><\/div>\n\t\t<\/div>\n\t\t\t\t<\/div>\n\t\t\t\t<\/div>\n\t\t\t\t\t<\/div>\n\t\t<\/div>\n\t\t\t\t\t\t\t<\/div>\n\t\t<\/section>\n\t\t\t\t<section class=\"elementor-section elementor-top-section elementor-element elementor-element-506a097 elementor-section-full_width elementor-section-height-default elementor-section-height-default\" data-id=\"506a097\" data-element_type=\"section\">\n\t\t\t\t\t\t<div class=\"elementor-container elementor-column-gap-default\">\n\t\t\t\t\t<div class=\"elementor-column elementor-col-50 elementor-top-column elementor-element elementor-element-0b186a3\" data-id=\"0b186a3\" data-element_type=\"column\">\n\t\t\t<div class=\"elementor-widget-wrap elementor-element-populated\">\n\t\t\t\t\t\t\t\t<div class=\"elementor-element elementor-element-d1dc691 elementor-invisible elementor-widget elementor-widget-heading\" data-id=\"d1dc691\" data-element_type=\"widget\" data-settings=\"{&quot;_animation&quot;:&quot;fadeInUp&quot;,&quot;_animation_delay&quot;:200}\" data-widget_type=\"heading.default\">\n\t\t\t\t<div class=\"elementor-widget-container\">\n\t\t\t<style>\/*! elementor - v3.13.3 - 28-05-2023 *\/\n.elementor-heading-title{padding:0;margin:0;line-height:1}.elementor-widget-heading .elementor-heading-title[class*=elementor-size-]>a{color:inherit;font-size:inherit;line-height:inherit}.elementor-widget-heading .elementor-heading-title.elementor-size-small{font-size:15px}.elementor-widget-heading .elementor-heading-title.elementor-size-medium{font-size:19px}.elementor-widget-heading .elementor-heading-title.elementor-size-large{font-size:29px}.elementor-widget-heading .elementor-heading-title.elementor-size-xl{font-size:39px}.elementor-widget-heading .elementor-heading-title.elementor-size-xxl{font-size:59px}<\/style><h1 class=\"elementor-heading-title elementor-size-default\">L' autisme<\/h1>\t\t<\/div>\n\t\t\t\t<\/div>\n\t\t\t\t<div class=\"elementor-element elementor-element-ba4f9a9 elementor-widget elementor-widget-text-editor\" data-id=\"ba4f9a9\" data-element_type=\"widget\" data-settings=\"{&quot;_animation&quot;:&quot;none&quot;,&quot;_animation_delay&quot;:1000}\" data-widget_type=\"text-editor.default\">\n\t\t\t\t<div class=\"elementor-widget-container\">\n\t\t\t<style>\/*! elementor - v3.13.3 - 28-05-2023 *\/\n.elementor-widget-text-editor.elementor-drop-cap-view-stacked .elementor-drop-cap{background-color:#69727d;color:#fff}.elementor-widget-text-editor.elementor-drop-cap-view-framed .elementor-drop-cap{color:#69727d;border:3px solid;background-color:transparent}.elementor-widget-text-editor:not(.elementor-drop-cap-view-default) .elementor-drop-cap{margin-top:8px}.elementor-widget-text-editor:not(.elementor-drop-cap-view-default) .elementor-drop-cap-letter{width:1em;height:1em}.elementor-widget-text-editor .elementor-drop-cap{float:left;text-align:center;line-height:1;font-size:50px}.elementor-widget-text-editor .elementor-drop-cap-letter{display:inline-block}<\/style>\t\t\t\t<p>Selon la d\u00e9finition de l\u2019OMS (Organisation Mondiale de la Sant\u00e9) : \u00ab L\u2019autisme est un<strong><span style=\"color: #ff6600;\"> trouble envahissant du d\u00e9veloppement (TED)<\/span><\/strong>, caract\u00e9ris\u00e9 par un d\u00e9veloppement anormal ou d\u00e9ficient.<\/p><p>C&rsquo;est un handicap dont les manifestations sont d\u00e9crites sous l&rsquo;intitul\u00e9 de <strong><span style=\"color: #ff6600;\">Trouble du Spectre de l\u2019Autisme (TSA)<\/span><\/strong>, c&rsquo;est un trouble neuro-d\u00e9veloppemental.<\/p><p>Les premiers signes sont perceptibles avant l\u2019\u00e2ge de 3 ans. Ces sympt\u00f4mes sont dus \u00e0 un dysfonctionnement c\u00e9r\u00e9bral. Les personnes autistes per\u00e7oivent ainsi le monde d\u2019une fa\u00e7on diff\u00e9rente par rapport \u00e0 une personne dite neurotypique.<\/p><p>Le TSA\u00a0 affecte le d\u00e9veloppement de votre enfant dans :<\/p><ul><li>La communication (langage, compr\u00e9hension, contact visuel\u2026).<\/li><li>Les interactions sociales (perception et compr\u00e9hension des \u00e9motions, relations sociales, jeux\u2026).<\/li><li>Le comportement (gestes st\u00e9r\u00e9otyp\u00e9s, int\u00e9r\u00eats et activit\u00e9s sp\u00e9cifiques et restreints, mise en place de routines, etc.).<\/li><\/ul>\t\t\t\t\t\t<\/div>\n\t\t\t\t<\/div>\n\t\t\t\t\t<\/div>\n\t\t<\/div>\n\t\t\t\t<div class=\"elementor-column elementor-col-50 elementor-top-column elementor-element elementor-element-da74966\" data-id=\"da74966\" data-element_type=\"column\">\n\t\t\t<div class=\"elementor-widget-wrap elementor-element-populated\">\n\t\t\t\t\t\t\t\t<div class=\"elementor-element elementor-element-9eb752a elementor-widget elementor-widget-image\" data-id=\"9eb752a\" data-element_type=\"widget\" data-widget_type=\"image.default\">\n\t\t\t\t<div class=\"elementor-widget-container\">\n\t\t\t<style>\/*! elementor - v3.13.3 - 28-05-2023 *\/\n.elementor-widget-image{text-align:center}.elementor-widget-image a{display:inline-block}.elementor-widget-image a img[src$=\".svg\"]{width:48px}.elementor-widget-image img{vertical-align:middle;display:inline-block}<\/style>\t\t\t\t\t\t\t\t\t\t\t\t<img loading=\"lazy\" decoding=\"async\" width=\"800\" height=\"520\" src=\"https:\/\/centremamgabon.org\/wp-content\/uploads\/2023\/06\/21463359_322717241525820_1712420564303943154_n.jpeg\" class=\"attachment-large size-large wp-image-3574\" alt=\"\" srcset=\"https:\/\/centremamgabon.org\/wp-content\/uploads\/2023\/06\/21463359_322717241525820_1712420564303943154_n.jpeg 800w, https:\/\/centremamgabon.org\/wp-content\/uploads\/2023\/06\/21463359_322717241525820_1712420564303943154_n-300x195.jpeg 300w, https:\/\/centremamgabon.org\/wp-content\/uploads\/2023\/06\/21463359_322717241525820_1712420564303943154_n-768x499.jpeg 768w\" sizes=\"(max-width: 800px) 100vw, 800px\" \/>\t\t\t\t\t\t\t\t\t\t\t\t\t\t\t<\/div>\n\t\t\t\t<\/div>\n\t\t\t\t<div class=\"elementor-element elementor-element-263b3b1 elementor-widget elementor-widget-image\" data-id=\"263b3b1\" data-element_type=\"widget\" data-widget_type=\"image.default\">\n\t\t\t\t<div class=\"elementor-widget-container\">\n\t\t\t\t\t\t\t\t\t\t\t\t\t\t\t<img loading=\"lazy\" decoding=\"async\" width=\"580\" height=\"435\" src=\"https:\/\/centremamgabon.org\/wp-content\/uploads\/2023\/05\/06-gab-bon-plan-grand.jpeg\" class=\"attachment-large size-large wp-image-2364\" alt=\"\" srcset=\"https:\/\/centremamgabon.org\/wp-content\/uploads\/2023\/05\/06-gab-bon-plan-grand.jpeg 580w, https:\/\/centremamgabon.org\/wp-content\/uploads\/2023\/05\/06-gab-bon-plan-grand-300x225.jpeg 300w\" sizes=\"(max-width: 580px) 100vw, 580px\" \/>\t\t\t\t\t\t\t\t\t\t\t\t\t\t\t<\/div>\n\t\t\t\t<\/div>\n\t\t\t\t\t<\/div>\n\t\t<\/div>\n\t\t\t\t\t\t\t<\/div>\n\t\t<\/section>\n\t\t\t\t\t\t\t<\/div>\n\t\t","protected":false},"excerpt":{"rendered":"<p>L&rsquo; autisme Selon la d\u00e9finition de l\u2019OMS (Organisation Mondiale de la Sant\u00e9) : \u00ab L\u2019autisme est un trouble envahissant du d\u00e9veloppement (TED), caract\u00e9ris\u00e9 par un d\u00e9veloppement anormal ou d\u00e9ficient. C&rsquo;est un handicap dont les manifestations sont d\u00e9crites sous l&rsquo;intitul\u00e9 de Trouble du Spectre de l\u2019Autisme (TSA), c&rsquo;est un trouble neuro-d\u00e9veloppemental. Les premiers signes sont perceptibles [&hellip;]<\/p>\n","protected":false},"author":1,"featured_media":0,"parent":0,"menu_order":0,"comment_status":"closed","ping_status":"closed","template":"","meta":{"footnotes":""},"yoast_head":"<!-- This site is optimized with the Yoast SEO plugin v20.7 - https:\/\/yoast.com\/wordpress\/plugins\/seo\/ -->\n<title>Qu&#039;est ce l&#039;autisme ? - Centre de R\u00e9\u00e9ducation Mot \u00e0 Mot<\/title>\n<meta name=\"robots\" content=\"index, follow, max-snippet:-1, max-image-preview:large, max-video-preview:-1\" \/>\n<link rel=\"canonical\" href=\"https:\/\/centremamgabon.org\/?page_id=319\" \/>\n<meta property=\"og:locale\" content=\"fr_FR\" \/>\n<meta property=\"og:type\" content=\"article\" \/>\n<meta property=\"og:title\" content=\"Qu&#039;est ce l&#039;autisme ? - Centre de R\u00e9\u00e9ducation Mot \u00e0 Mot\" \/>\n<meta property=\"og:description\" content=\"L&rsquo; autisme Selon la d\u00e9finition de l\u2019OMS (Organisation Mondiale de la Sant\u00e9) : \u00ab L\u2019autisme est un trouble envahissant du d\u00e9veloppement (TED), caract\u00e9ris\u00e9 par un d\u00e9veloppement anormal ou d\u00e9ficient. C&rsquo;est un handicap dont les manifestations sont d\u00e9crites sous l&rsquo;intitul\u00e9 de Trouble du Spectre de l\u2019Autisme (TSA), c&rsquo;est un trouble neuro-d\u00e9veloppemental. Les premiers signes sont perceptibles [&hellip;]\" \/>\n<meta property=\"og:url\" content=\"https:\/\/centremamgabon.org\/?page_id=319\" \/>\n<meta property=\"og:site_name\" content=\"Centre de R\u00e9\u00e9ducation Mot \u00e0 Mot\" \/>\n<meta property=\"article:modified_time\" content=\"2024-04-17T17:37:27+00:00\" \/>\n<meta property=\"og:image\" content=\"https:\/\/centremamgabon.org\/wp-content\/uploads\/2023\/06\/21463359_322717241525820_1712420564303943154_n.jpeg\" \/>\n<meta name=\"twitter:card\" content=\"summary_large_image\" \/>\n<meta name=\"twitter:label1\" content=\"Dur\u00e9e de lecture estim\u00e9e\" \/>\n\t<meta name=\"twitter:data1\" content=\"2 minutes\" \/>\n<script type=\"application\/ld+json\" class=\"yoast-schema-graph\">{\"@context\":\"https:\/\/schema.org\",\"@graph\":[{\"@type\":\"WebPage\",\"@id\":\"https:\/\/centremamgabon.org\/?page_id=319\",\"url\":\"https:\/\/centremamgabon.org\/?page_id=319\",\"name\":\"Qu'est ce l'autisme ? - Centre de R\u00e9\u00e9ducation Mot \u00e0 Mot\",\"isPartOf\":{\"@id\":\"https:\/\/centremamgabon.org\/#website\"},\"datePublished\":\"2023-05-14T15:14:25+00:00\",\"dateModified\":\"2024-04-17T17:37:27+00:00\",\"breadcrumb\":{\"@id\":\"https:\/\/centremamgabon.org\/?page_id=319#breadcrumb\"},\"inLanguage\":\"fr-FR\",\"potentialAction\":[{\"@type\":\"ReadAction\",\"target\":[\"https:\/\/centremamgabon.org\/?page_id=319\"]}]},{\"@type\":\"BreadcrumbList\",\"@id\":\"https:\/\/centremamgabon.org\/?page_id=319#breadcrumb\",\"itemListElement\":[{\"@type\":\"ListItem\",\"position\":1,\"name\":\"Accueil\",\"item\":\"https:\/\/centremamgabon.org\/\"},{\"@type\":\"ListItem\",\"position\":2,\"name\":\"Qu&rsquo;est ce l&rsquo;autisme ?\"}]},{\"@type\":\"WebSite\",\"@id\":\"https:\/\/centremamgabon.org\/#website\",\"url\":\"https:\/\/centremamgabon.org\/\",\"name\":\"Centre de R\u00e9\u00e9ducation Mot \u00e0 Mot\",\"description\":\"Tous unis contre l&#039;handicap chez l&#039;enfant\",\"publisher\":{\"@id\":\"https:\/\/centremamgabon.org\/#organization\"},\"potentialAction\":[{\"@type\":\"SearchAction\",\"target\":{\"@type\":\"EntryPoint\",\"urlTemplate\":\"https:\/\/centremamgabon.org\/?s={search_term_string}\"},\"query-input\":\"required name=search_term_string\"}],\"inLanguage\":\"fr-FR\"},{\"@type\":\"Organization\",\"@id\":\"https:\/\/centremamgabon.org\/#organization\",\"name\":\"Centre de R\u00e9\u00e9ducation Mot \u00e0 Mot\",\"url\":\"https:\/\/centremamgabon.org\/\",\"logo\":{\"@type\":\"ImageObject\",\"inLanguage\":\"fr-FR\",\"@id\":\"https:\/\/centremamgabon.org\/#\/schema\/logo\/image\/\",\"url\":\"https:\/\/centremamgabon.org\/wp-content\/uploads\/2023\/05\/cropped-Logo-texte-Mot-a-Mot.png\",\"contentUrl\":\"https:\/\/centremamgabon.org\/wp-content\/uploads\/2023\/05\/cropped-Logo-texte-Mot-a-Mot.png\",\"width\":318,\"height\":102,\"caption\":\"Centre de R\u00e9\u00e9ducation Mot \u00e0 Mot\"},\"image\":{\"@id\":\"https:\/\/centremamgabon.org\/#\/schema\/logo\/image\/\"}}]}<\/script>\n<!-- \/ Yoast SEO plugin. -->","yoast_head_json":{"title":"Qu'est ce l'autisme ? - Centre de R\u00e9\u00e9ducation Mot \u00e0 Mot","robots":{"index":"index","follow":"follow","max-snippet":"max-snippet:-1","max-image-preview":"max-image-preview:large","max-video-preview":"max-video-preview:-1"},"canonical":"https:\/\/centremamgabon.org\/?page_id=319","og_locale":"fr_FR","og_type":"article","og_title":"Qu'est ce l'autisme ? - Centre de R\u00e9\u00e9ducation Mot \u00e0 Mot","og_description":"L&rsquo; autisme Selon la d\u00e9finition de l\u2019OMS (Organisation Mondiale de la Sant\u00e9) : \u00ab L\u2019autisme est un trouble envahissant du d\u00e9veloppement (TED), caract\u00e9ris\u00e9 par un d\u00e9veloppement anormal ou d\u00e9ficient. C&rsquo;est un handicap dont les manifestations sont d\u00e9crites sous l&rsquo;intitul\u00e9 de Trouble du Spectre de l\u2019Autisme (TSA), c&rsquo;est un trouble neuro-d\u00e9veloppemental. Les premiers signes sont perceptibles [&hellip;]","og_url":"https:\/\/centremamgabon.org\/?page_id=319","og_site_name":"Centre de R\u00e9\u00e9ducation Mot \u00e0 Mot","article_modified_time":"2024-04-17T17:37:27+00:00","og_image":[{"url":"https:\/\/centremamgabon.org\/wp-content\/uploads\/2023\/06\/21463359_322717241525820_1712420564303943154_n.jpeg"}],"twitter_card":"summary_large_image","twitter_misc":{"Dur\u00e9e de lecture estim\u00e9e":"2 minutes"},"schema":{"@context":"https:\/\/schema.org","@graph":[{"@type":"WebPage","@id":"https:\/\/centremamgabon.org\/?page_id=319","url":"https:\/\/centremamgabon.org\/?page_id=319","name":"Qu'est ce l'autisme ? - Centre de R\u00e9\u00e9ducation Mot \u00e0 Mot","isPartOf":{"@id":"https:\/\/centremamgabon.org\/#website"},"datePublished":"2023-05-14T15:14:25+00:00","dateModified":"2024-04-17T17:37:27+00:00","breadcrumb":{"@id":"https:\/\/centremamgabon.org\/?page_id=319#breadcrumb"},"inLanguage":"fr-FR","potentialAction":[{"@type":"ReadAction","target":["https:\/\/centremamgabon.org\/?page_id=319"]}]},{"@type":"BreadcrumbList","@id":"https:\/\/centremamgabon.org\/?page_id=319#breadcrumb","itemListElement":[{"@type":"ListItem","position":1,"name":"Accueil","item":"https:\/\/centremamgabon.org\/"},{"@type":"ListItem","position":2,"name":"Qu&rsquo;est ce l&rsquo;autisme ?"}]},{"@type":"WebSite","@id":"https:\/\/centremamgabon.org\/#website","url":"https:\/\/centremamgabon.org\/","name":"Centre de R\u00e9\u00e9ducation Mot \u00e0 Mot","description":"Tous unis contre l&#039;handicap chez l&#039;enfant","publisher":{"@id":"https:\/\/centremamgabon.org\/#organization"},"potentialAction":[{"@type":"SearchAction","target":{"@type":"EntryPoint","urlTemplate":"https:\/\/centremamgabon.org\/?s={search_term_string}"},"query-input":"required name=search_term_string"}],"inLanguage":"fr-FR"},{"@type":"Organization","@id":"https:\/\/centremamgabon.org\/#organization","name":"Centre de R\u00e9\u00e9ducation Mot \u00e0 Mot","url":"https:\/\/centremamgabon.org\/","logo":{"@type":"ImageObject","inLanguage":"fr-FR","@id":"https:\/\/centremamgabon.org\/#\/schema\/logo\/image\/","url":"https:\/\/centremamgabon.org\/wp-content\/uploads\/2023\/05\/cropped-Logo-texte-Mot-a-Mot.png","contentUrl":"https:\/\/centremamgabon.org\/wp-content\/uploads\/2023\/05\/cropped-Logo-texte-Mot-a-Mot.png","width":318,"height":102,"caption":"Centre de R\u00e9\u00e9ducation Mot \u00e0 Mot"},"image":{"@id":"https:\/\/centremamgabon.org\/#\/schema\/logo\/image\/"}}]}},"_links":{"self":[{"href":"https:\/\/centremamgabon.org\/index.php?rest_route=\/wp\/v2\/pages\/319"}],"collection":[{"href":"https:\/\/centremamgabon.org\/index.php?rest_route=\/wp\/v2\/pages"}],"about":[{"href":"https:\/\/centremamgabon.org\/index.php?rest_route=\/wp\/v2\/types\/page"}],"author":[{"embeddable":true,"href":"https:\/\/centremamgabon.org\/index.php?rest_route=\/wp\/v2\/users\/1"}],"replies":[{"embeddable":true,"href":"https:\/\/centremamgabon.org\/index.php?rest_route=%2Fwp%2Fv2%2Fcomments&post=319"}],"version-history":[{"count":62,"href":"https:\/\/centremamgabon.org\/index.php?rest_route=\/wp\/v2\/pages\/319\/revisions"}],"predecessor-version":[{"id":5254,"href":"https:\/\/centremamgabon.org\/index.php?rest_route=\/wp\/v2\/pages\/319\/revisions\/5254"}],"wp:attachment":[{"href":"https:\/\/centremamgabon.org\/index.php?rest_route=%2Fwp%2Fv2%2Fmedia&parent=319"}],"curies":[{"name":"wp","href":"https:\/\/api.w.org\/{rel}","templated":true}]}}