{"id":23,"date":"2023-05-06T12:43:28","date_gmt":"2023-05-06T10:43:28","guid":{"rendered":"https:\/\/centremamgabon.org\/?page_id=23"},"modified":"2023-05-29T22:51:57","modified_gmt":"2023-05-29T20:51:57","slug":"mentions-legales","status":"publish","type":"page","link":"https:\/\/centremamgabon.org\/?page_id=23","title":{"rendered":"Mentions l\u00e9gales"},"content":{"rendered":"\t\t<div data-elementor-type=\"wp-page\" data-elementor-id=\"23\" class=\"elementor elementor-23\">\n\t\t\t\t\t\t\t\t\t<section class=\"elementor-section elementor-top-section elementor-element elementor-element-3cb87b8b elementor-section-boxed elementor-section-height-default elementor-section-height-default\" data-id=\"3cb87b8b\" data-element_type=\"section\">\n\t\t\t\t\t\t<div class=\"elementor-container elementor-column-gap-default\">\n\t\t\t\t\t<div class=\"elementor-column elementor-col-100 elementor-top-column elementor-element elementor-element-7a04662d\" data-id=\"7a04662d\" data-element_type=\"column\">\n\t\t\t<div class=\"elementor-widget-wrap elementor-element-populated\">\n\t\t\t\t\t\t\t\t<div class=\"elementor-element elementor-element-65eb6983 elementor-widget elementor-widget-text-editor\" data-id=\"65eb6983\" data-element_type=\"widget\" data-widget_type=\"text-editor.default\">\n\t\t\t\t<div class=\"elementor-widget-container\">\n\t\t\t<style>\/*! elementor - v3.13.3 - 28-05-2023 *\/\n.elementor-widget-text-editor.elementor-drop-cap-view-stacked .elementor-drop-cap{background-color:#69727d;color:#fff}.elementor-widget-text-editor.elementor-drop-cap-view-framed .elementor-drop-cap{color:#69727d;border:3px solid;background-color:transparent}.elementor-widget-text-editor:not(.elementor-drop-cap-view-default) .elementor-drop-cap{margin-top:8px}.elementor-widget-text-editor:not(.elementor-drop-cap-view-default) .elementor-drop-cap-letter{width:1em;height:1em}.elementor-widget-text-editor .elementor-drop-cap{float:left;text-align:center;line-height:1;font-size:50px}.elementor-widget-text-editor .elementor-drop-cap-letter{display:inline-block}<\/style>\t\t\t\t<!-- wp:paragraph -->\n<p><span style=\"color: #000000;\"><strong>Mentions l\u00e9gales<\/strong><\/span><\/p>\n<p><span style=\"color: #000000;\"><!-- \/wp:paragraph --><!-- wp:paragraph --><\/span><\/p>\n<p><span style=\"color: #000000;\">En vigueur au 29\/05\/23<\/span><\/p>\n<p><span style=\"color: #000000;\"><!-- \/wp:paragraph --><!-- wp:paragraph --><\/span><\/p>\n<p><span style=\"color: #000000;\">Conform\u00e9ment aux dispositions des Articles 6-III et 19 de la Loi n\u00b02004-575 du 21 juin 2004 pour la Confiance dans l\u2019\u00e9conomie num\u00e9rique, dite L.C.E.N., il est port\u00e9 \u00e0 la connaissance des utilisateurs et visiteurs, ci-apr\u00e8s l\u00a0\u00bb\u00a0\u00bb<strong>Utilisateur<\/strong>\u00ab\u00a0, du site centremamgabon.org , ci-apr\u00e8s le \u00ab\u00a0<strong>Site<\/strong>\u00ab\u00a0, les pr\u00e9sentes mentions l\u00e9gales.<\/span><\/p>\n<p><span style=\"color: #000000;\"><!-- \/wp:paragraph --><!-- wp:paragraph --><\/span><\/p>\n<p><span style=\"color: #000000;\">La connexion et la navigation sur le Site par l\u2019Utilisateur implique acceptation int\u00e9grale et sans r\u00e9serve des pr\u00e9sentes mentions l\u00e9gales.<\/span><\/p>\n<p><span style=\"color: #000000;\"><!-- \/wp:paragraph --><!-- wp:paragraph --><\/span><\/p>\n<p><span style=\"color: #000000;\">Ces derni\u00e8res sont accessibles sur le Site \u00e0 la rubrique \u00ab <strong>Mentions l\u00e9gales <\/strong>\u00bb. <strong>ARTICLE 1 &#8211; L&rsquo;EDITEUR<\/strong><\/span><\/p>\n<p><span style=\"color: #000000;\"><!-- \/wp:paragraph --><!-- wp:paragraph --><\/span><\/p>\n<p><span style=\"color: #000000;\">L\u2019\u00e9dition et la direction de la publication du Site est assur\u00e9e par Jo\u00ebl Mozogo, domicili\u00e9e 32 rue Paul Vaillant Couturier 94700 Maisons Alfort, dont le num\u00e9ro de t\u00e9l\u00e9phone est 0603841898, et l&rsquo;adresse e- mail ovono@hotmail.com.<\/span><\/p>\n<p><span style=\"color: #000000;\"><!-- \/wp:paragraph --><!-- wp:paragraph --><\/span><\/p>\n<p><span style=\"color: #000000;\">ci-apr\u00e8s l'\u00a0\u00bb<strong>Editeur<\/strong>\u00ab\u00a0.<\/span><br \/><span style=\"color: #000000;\"><strong>ARTICLE 2 &#8211; L&rsquo;HEBERGEUR<\/strong><\/span><\/p>\n<p><span style=\"color: #000000;\"><!-- \/wp:paragraph --><!-- wp:paragraph --><\/span><\/p>\n<p><span style=\"color: #000000;\">L&rsquo;h\u00e9bergeur du Site est la soci\u00e9t\u00e9 Hostinger, dont le si\u00e8ge social est situ\u00e9 au France , av<strong>ec le num\u00e9ro de t\u00e9l\u00e9phone : _______________ + adresse mail de contact<\/strong><\/span><\/p>\n<p><span style=\"color: #000000;\"><!-- \/wp:paragraph --><!-- wp:paragraph --><\/span><\/p>\n<p><span style=\"color: #000000;\"><strong>ARTICLE 3 &#8211; ACCES AU SITE<\/strong><\/span><\/p>\n<p><span style=\"color: #000000;\"><!-- \/wp:paragraph --><!-- wp:paragraph --><\/span><\/p>\n<p><span style=\"color: #000000;\">Le Site est accessible en tout endroit, 7j\/7, 24h\/24 sauf cas de force majeure, interruption programm\u00e9e ou non et pouvant d\u00e9coulant d\u2019une n\u00e9cessit\u00e9 de maintenance.<\/span><\/p>\n<p><span style=\"color: #000000;\"><!-- \/wp:paragraph --><!-- wp:paragraph --><\/span><\/p>\n<p><span style=\"color: #000000;\">En cas de modification, interruption ou suspension du Site, l&rsquo;Editeur ne saurait \u00eatre tenu responsable.<\/span><\/p>\n<p><span style=\"color: #000000;\"><!-- \/wp:paragraph --><!-- wp:paragraph --><\/span><\/p>\n<p><span style=\"color: #000000;\"><strong>ARTICLE 4 &#8211; COLLECTE DES DONNEES<\/strong><\/span><\/p>\n<p><span style=\"color: #000000;\"><!-- \/wp:paragraph --><!-- wp:paragraph --><\/span><\/p>\n<p><span style=\"color: #000000;\">Le site est exempt\u00e9 de d\u00e9claration \u00e0 la Commission Nationale Informatique et Libert\u00e9s (CNIL) dans la mesure o\u00f9 il ne collecte aucune donn\u00e9e concernant les utilisateurs.<\/span><\/p>\n<p><span style=\"color: #000000;\"><!-- \/wp:paragraph --><!-- wp:paragraph --><\/span><\/p>\n<p><span style=\"color: #000000;\">Toute utilisation, reproduction, diffusion, commercialisation, modification de toute ou partie du Site, sans autorisation de l\u2019Editeur est prohib\u00e9e et pourra entra\u00een\u00e9e des actions et poursuites judiciaires telles que notamment pr\u00e9vues par le Code de la propri\u00e9t\u00e9 intellectuelle et le Code civil.<\/span><\/p>\n<p><span style=\"color: #000000;\"><!-- \/wp:paragraph --><!-- wp:paragraph --><\/span><\/p>\n<p><span style=\"color: #000000;\">1<\/span><\/p>\n<p><span style=\"color: #000000;\"><!-- \/wp:paragraph --><!-- wp:paragraph --><\/span><\/p>\n<p><span style=\"color: #000000;\">Pour plus d\u2019informations, se reporter aux CGU du site centremamgabon.org accessible \u00e0 la rubrique \u00ab\u00a0CGU\u00a0\u00bb<\/span><br \/><span style=\"color: #000000;\">Pour plus d\u2019informations, se reporter aux CGV du site centremamgabon.org accessible \u00e0 la rubrique \u00ab\u00a0CGV\u00a0\u00bb<\/span><\/p>\n<p><span style=\"color: #000000;\"><!-- \/wp:paragraph --><!-- wp:paragraph --><\/span><\/p>\n<p><span style=\"color: #000000;\">Pour plus d&rsquo;informations en mati\u00e8re de protection des donn\u00e9es \u00e0 caract\u00e8re personnel , se reporter \u00e0 la Charte en mati\u00e8re de protection des donn\u00e9es \u00e0 caract\u00e8re personnel du site centremamgabon.org accessible \u00e0 la rubrique \u00ab\u00a0Donn\u00e9es personnelles\u00a0\u00bb<\/span><br \/><span style=\"color: #000000;\">Pour plus d&rsquo;informations en mati\u00e8re de cookies, se reporter \u00e0 la Charte en mati\u00e8re de cookies du site centremamgabon.org accessible \u00e0 la rubrique \u00ab\u00a0Cookies\u00a0\u00bb<\/span><\/p>\n<p><span style=\"color: #000000;\"><!-- \/wp:paragraph --><!-- wp:paragraph --><\/span><\/p>\n<p><span style=\"color: #000000;\">R\u00e9dig\u00e9 sur http:\/\/legalplace.fr<\/span><\/p>\n<p><span style=\"color: #000000;\"><!-- \/wp:paragraph --><!-- wp:paragraph --><\/span><\/p>\n<p>\u00a0<\/p>\n<p><span style=\"color: #000000;\"><!-- \/wp:paragraph --><!-- wp:paragraph --><\/span><\/p>\n<p>\u00a0<\/p>\n<p><span style=\"color: #000000;\"><!-- \/wp:paragraph --><!-- wp:paragraph --><\/span><\/p>\n<p>\u00a0<\/p>\n<p><span style=\"color: #000000;\"><!-- \/wp:paragraph --><!-- wp:paragraph --><\/span><\/p>\n<p>\u00a0<\/p>\n<p><span style=\"color: #000000;\"><!-- \/wp:paragraph --><!-- wp:paragraph {\"fontSize\":\"large\"} --><\/span><\/p>\n<p class=\"has-large-font-size\">\u00a0<\/p>\n<!-- \/wp:paragraph -->\t\t\t\t\t\t<\/div>\n\t\t\t\t<\/div>\n\t\t\t\t\t<\/div>\n\t\t<\/div>\n\t\t\t\t\t\t\t<\/div>\n\t\t<\/section>\n\t\t\t\t\t\t\t<\/div>\n\t\t","protected":false},"excerpt":{"rendered":"<p>Mentions l\u00e9gales En vigueur au 29\/05\/23 Conform\u00e9ment aux dispositions des Articles 6-III et 19 de la Loi n\u00b02004-575 du 21 juin 2004 pour la Confiance dans l\u2019\u00e9conomie num\u00e9rique, dite L.C.E.N., il est port\u00e9 \u00e0 la connaissance des utilisateurs et visiteurs, ci-apr\u00e8s l\u00a0\u00bb\u00a0\u00bbUtilisateur\u00ab\u00a0, du site centremamgabon.org , ci-apr\u00e8s le \u00ab\u00a0Site\u00ab\u00a0, les pr\u00e9sentes mentions l\u00e9gales. La connexion [&hellip;]<\/p>\n","protected":false},"author":1,"featured_media":0,"parent":0,"menu_order":0,"comment_status":"closed","ping_status":"closed","template":"","meta":{"footnotes":""},"yoast_head":"<!-- This site is optimized with the Yoast SEO plugin v20.7 - https:\/\/yoast.com\/wordpress\/plugins\/seo\/ -->\n<title>Mentions l\u00e9gales - Centre de R\u00e9\u00e9ducation Mot \u00e0 Mot<\/title>\n<meta name=\"robots\" content=\"index, follow, max-snippet:-1, max-image-preview:large, max-video-preview:-1\" \/>\n<link rel=\"canonical\" href=\"https:\/\/centremamgabon.org\/?page_id=23\" \/>\n<meta property=\"og:locale\" content=\"fr_FR\" \/>\n<meta property=\"og:type\" content=\"article\" \/>\n<meta property=\"og:title\" content=\"Mentions l\u00e9gales - Centre de R\u00e9\u00e9ducation Mot \u00e0 Mot\" \/>\n<meta property=\"og:description\" content=\"Mentions l\u00e9gales En vigueur au 29\/05\/23 Conform\u00e9ment aux dispositions des Articles 6-III et 19 de la Loi n\u00b02004-575 du 21 juin 2004 pour la Confiance dans l\u2019\u00e9conomie num\u00e9rique, dite L.C.E.N., il est port\u00e9 \u00e0 la connaissance des utilisateurs et visiteurs, ci-apr\u00e8s l\u00a0\u00bb\u00a0\u00bbUtilisateur\u00ab\u00a0, du site centremamgabon.org , ci-apr\u00e8s le \u00ab\u00a0Site\u00ab\u00a0, les pr\u00e9sentes mentions l\u00e9gales. La connexion [&hellip;]\" \/>\n<meta property=\"og:url\" content=\"https:\/\/centremamgabon.org\/?page_id=23\" \/>\n<meta property=\"og:site_name\" content=\"Centre de R\u00e9\u00e9ducation Mot \u00e0 Mot\" \/>\n<meta property=\"article:modified_time\" content=\"2023-05-29T20:51:57+00:00\" \/>\n<meta name=\"twitter:card\" content=\"summary_large_image\" \/>\n<meta name=\"twitter:label1\" content=\"Dur\u00e9e de lecture estim\u00e9e\" \/>\n\t<meta name=\"twitter:data1\" content=\"2 minutes\" \/>\n<script type=\"application\/ld+json\" class=\"yoast-schema-graph\">{\"@context\":\"https:\/\/schema.org\",\"@graph\":[{\"@type\":\"WebPage\",\"@id\":\"https:\/\/centremamgabon.org\/?page_id=23\",\"url\":\"https:\/\/centremamgabon.org\/?page_id=23\",\"name\":\"Mentions l\u00e9gales - Centre de R\u00e9\u00e9ducation Mot \u00e0 Mot\",\"isPartOf\":{\"@id\":\"https:\/\/centremamgabon.org\/#website\"},\"datePublished\":\"2023-05-06T10:43:28+00:00\",\"dateModified\":\"2023-05-29T20:51:57+00:00\",\"breadcrumb\":{\"@id\":\"https:\/\/centremamgabon.org\/?page_id=23#breadcrumb\"},\"inLanguage\":\"fr-FR\",\"potentialAction\":[{\"@type\":\"ReadAction\",\"target\":[\"https:\/\/centremamgabon.org\/?page_id=23\"]}]},{\"@type\":\"BreadcrumbList\",\"@id\":\"https:\/\/centremamgabon.org\/?page_id=23#breadcrumb\",\"itemListElement\":[{\"@type\":\"ListItem\",\"position\":1,\"name\":\"Accueil\",\"item\":\"https:\/\/centremamgabon.org\/\"},{\"@type\":\"ListItem\",\"position\":2,\"name\":\"Mentions l\u00e9gales\"}]},{\"@type\":\"WebSite\",\"@id\":\"https:\/\/centremamgabon.org\/#website\",\"url\":\"https:\/\/centremamgabon.org\/\",\"name\":\"Centre de R\u00e9\u00e9ducation Mot \u00e0 Mot\",\"description\":\"Tous unis contre l&#039;handicap chez l&#039;enfant\",\"publisher\":{\"@id\":\"https:\/\/centremamgabon.org\/#organization\"},\"potentialAction\":[{\"@type\":\"SearchAction\",\"target\":{\"@type\":\"EntryPoint\",\"urlTemplate\":\"https:\/\/centremamgabon.org\/?s={search_term_string}\"},\"query-input\":\"required name=search_term_string\"}],\"inLanguage\":\"fr-FR\"},{\"@type\":\"Organization\",\"@id\":\"https:\/\/centremamgabon.org\/#organization\",\"name\":\"Centre de R\u00e9\u00e9ducation Mot \u00e0 Mot\",\"url\":\"https:\/\/centremamgabon.org\/\",\"logo\":{\"@type\":\"ImageObject\",\"inLanguage\":\"fr-FR\",\"@id\":\"https:\/\/centremamgabon.org\/#\/schema\/logo\/image\/\",\"url\":\"https:\/\/centremamgabon.org\/wp-content\/uploads\/2023\/05\/cropped-Logo-texte-Mot-a-Mot.png\",\"contentUrl\":\"https:\/\/centremamgabon.org\/wp-content\/uploads\/2023\/05\/cropped-Logo-texte-Mot-a-Mot.png\",\"width\":318,\"height\":102,\"caption\":\"Centre de R\u00e9\u00e9ducation Mot \u00e0 Mot\"},\"image\":{\"@id\":\"https:\/\/centremamgabon.org\/#\/schema\/logo\/image\/\"}}]}<\/script>\n<!-- \/ Yoast SEO plugin. -->","yoast_head_json":{"title":"Mentions l\u00e9gales - Centre de R\u00e9\u00e9ducation Mot \u00e0 Mot","robots":{"index":"index","follow":"follow","max-snippet":"max-snippet:-1","max-image-preview":"max-image-preview:large","max-video-preview":"max-video-preview:-1"},"canonical":"https:\/\/centremamgabon.org\/?page_id=23","og_locale":"fr_FR","og_type":"article","og_title":"Mentions l\u00e9gales - Centre de R\u00e9\u00e9ducation Mot \u00e0 Mot","og_description":"Mentions l\u00e9gales En vigueur au 29\/05\/23 Conform\u00e9ment aux dispositions des Articles 6-III et 19 de la Loi n\u00b02004-575 du 21 juin 2004 pour la Confiance dans l\u2019\u00e9conomie num\u00e9rique, dite L.C.E.N., il est port\u00e9 \u00e0 la connaissance des utilisateurs et visiteurs, ci-apr\u00e8s l\u00a0\u00bb\u00a0\u00bbUtilisateur\u00ab\u00a0, du site centremamgabon.org , ci-apr\u00e8s le \u00ab\u00a0Site\u00ab\u00a0, les pr\u00e9sentes mentions l\u00e9gales. La connexion [&hellip;]","og_url":"https:\/\/centremamgabon.org\/?page_id=23","og_site_name":"Centre de R\u00e9\u00e9ducation Mot \u00e0 Mot","article_modified_time":"2023-05-29T20:51:57+00:00","twitter_card":"summary_large_image","twitter_misc":{"Dur\u00e9e de lecture estim\u00e9e":"2 minutes"},"schema":{"@context":"https:\/\/schema.org","@graph":[{"@type":"WebPage","@id":"https:\/\/centremamgabon.org\/?page_id=23","url":"https:\/\/centremamgabon.org\/?page_id=23","name":"Mentions l\u00e9gales - Centre de R\u00e9\u00e9ducation Mot \u00e0 Mot","isPartOf":{"@id":"https:\/\/centremamgabon.org\/#website"},"datePublished":"2023-05-06T10:43:28+00:00","dateModified":"2023-05-29T20:51:57+00:00","breadcrumb":{"@id":"https:\/\/centremamgabon.org\/?page_id=23#breadcrumb"},"inLanguage":"fr-FR","potentialAction":[{"@type":"ReadAction","target":["https:\/\/centremamgabon.org\/?page_id=23"]}]},{"@type":"BreadcrumbList","@id":"https:\/\/centremamgabon.org\/?page_id=23#breadcrumb","itemListElement":[{"@type":"ListItem","position":1,"name":"Accueil","item":"https:\/\/centremamgabon.org\/"},{"@type":"ListItem","position":2,"name":"Mentions l\u00e9gales"}]},{"@type":"WebSite","@id":"https:\/\/centremamgabon.org\/#website","url":"https:\/\/centremamgabon.org\/","name":"Centre de R\u00e9\u00e9ducation Mot \u00e0 Mot","description":"Tous unis contre l&#039;handicap chez l&#039;enfant","publisher":{"@id":"https:\/\/centremamgabon.org\/#organization"},"potentialAction":[{"@type":"SearchAction","target":{"@type":"EntryPoint","urlTemplate":"https:\/\/centremamgabon.org\/?s={search_term_string}"},"query-input":"required name=search_term_string"}],"inLanguage":"fr-FR"},{"@type":"Organization","@id":"https:\/\/centremamgabon.org\/#organization","name":"Centre de R\u00e9\u00e9ducation Mot \u00e0 Mot","url":"https:\/\/centremamgabon.org\/","logo":{"@type":"ImageObject","inLanguage":"fr-FR","@id":"https:\/\/centremamgabon.org\/#\/schema\/logo\/image\/","url":"https:\/\/centremamgabon.org\/wp-content\/uploads\/2023\/05\/cropped-Logo-texte-Mot-a-Mot.png","contentUrl":"https:\/\/centremamgabon.org\/wp-content\/uploads\/2023\/05\/cropped-Logo-texte-Mot-a-Mot.png","width":318,"height":102,"caption":"Centre de R\u00e9\u00e9ducation Mot \u00e0 Mot"},"image":{"@id":"https:\/\/centremamgabon.org\/#\/schema\/logo\/image\/"}}]}},"_links":{"self":[{"href":"https:\/\/centremamgabon.org\/index.php?rest_route=\/wp\/v2\/pages\/23"}],"collection":[{"href":"https:\/\/centremamgabon.org\/index.php?rest_route=\/wp\/v2\/pages"}],"about":[{"href":"https:\/\/centremamgabon.org\/index.php?rest_route=\/wp\/v2\/types\/page"}],"author":[{"embeddable":true,"href":"https:\/\/centremamgabon.org\/index.php?rest_route=\/wp\/v2\/users\/1"}],"replies":[{"embeddable":true,"href":"https:\/\/centremamgabon.org\/index.php?rest_route=%2Fwp%2Fv2%2Fcomments&post=23"}],"version-history":[{"count":10,"href":"https:\/\/centremamgabon.org\/index.php?rest_route=\/wp\/v2\/pages\/23\/revisions"}],"predecessor-version":[{"id":2746,"href":"https:\/\/centremamgabon.org\/index.php?rest_route=\/wp\/v2\/pages\/23\/revisions\/2746"}],"wp:attachment":[{"href":"https:\/\/centremamgabon.org\/index.php?rest_route=%2Fwp%2Fv2%2Fmedia&parent=23"}],"curies":[{"name":"wp","href":"https:\/\/api.w.org\/{rel}","templated":true}]}}