{"id":15,"date":"2023-05-06T12:41:14","date_gmt":"2023-05-06T10:41:14","guid":{"rendered":"https:\/\/centremamgabon.org\/?page_id=15"},"modified":"2023-05-31T12:02:48","modified_gmt":"2023-05-31T10:02:48","slug":"autisme-et-troubles-associes","status":"publish","type":"page","link":"https:\/\/centremamgabon.org\/?page_id=15","title":{"rendered":"Autisme et troubles associ\u00e9s"},"content":{"rendered":"\t\t<div data-elementor-type=\"wp-page\" data-elementor-id=\"15\" class=\"elementor elementor-15\">\n\t\t\t\t\t\t\t\t\t<section class=\"elementor-section elementor-top-section elementor-element elementor-element-deff410 elementor-section-full_width elementor-section-stretched elementor-section-height-default elementor-section-height-default\" data-id=\"deff410\" data-element_type=\"section\" data-settings=\"{&quot;stretch_section&quot;:&quot;section-stretched&quot;,&quot;background_background&quot;:&quot;classic&quot;}\">\n\t\t\t\t\t\t<div class=\"elementor-container elementor-column-gap-default\">\n\t\t\t\t\t<div class=\"elementor-column elementor-col-100 elementor-top-column elementor-element elementor-element-813dc82\" data-id=\"813dc82\" data-element_type=\"column\">\n\t\t\t<div class=\"elementor-widget-wrap elementor-element-populated\">\n\t\t\t\t\t\t\t\t<div class=\"elementor-element elementor-element-c282087 elementor-widget elementor-widget-spacer\" data-id=\"c282087\" data-element_type=\"widget\" data-widget_type=\"spacer.default\">\n\t\t\t\t<div class=\"elementor-widget-container\">\n\t\t\t<style>\/*! elementor - v3.13.3 - 28-05-2023 *\/\n.elementor-column .elementor-spacer-inner{height:var(--spacer-size)}.e-con{--container-widget-width:100%}.e-con-inner>.elementor-widget-spacer,.e-con>.elementor-widget-spacer{width:var(--container-widget-width,var(--spacer-size));--align-self:var(--container-widget-align-self,initial);--flex-shrink:0}.e-con-inner>.elementor-widget-spacer>.elementor-widget-container,.e-con-inner>.elementor-widget-spacer>.elementor-widget-container>.elementor-spacer,.e-con>.elementor-widget-spacer>.elementor-widget-container,.e-con>.elementor-widget-spacer>.elementor-widget-container>.elementor-spacer{height:100%}.e-con-inner>.elementor-widget-spacer>.elementor-widget-container>.elementor-spacer>.elementor-spacer-inner,.e-con>.elementor-widget-spacer>.elementor-widget-container>.elementor-spacer>.elementor-spacer-inner{height:var(--container-widget-height,var(--spacer-size))}<\/style>\t\t<div class=\"elementor-spacer\">\n\t\t\t<div class=\"elementor-spacer-inner\"><\/div>\n\t\t<\/div>\n\t\t\t\t<\/div>\n\t\t\t\t<\/div>\n\t\t\t\t\t<\/div>\n\t\t<\/div>\n\t\t\t\t\t\t\t<\/div>\n\t\t<\/section>\n\t\t\t\t<section class=\"elementor-section elementor-top-section elementor-element elementor-element-0437155 elementor-section-boxed elementor-section-height-default elementor-section-height-default\" data-id=\"0437155\" data-element_type=\"section\">\n\t\t\t\t\t\t<div class=\"elementor-container elementor-column-gap-default\">\n\t\t\t\t\t<div class=\"elementor-column elementor-col-100 elementor-top-column elementor-element elementor-element-61914ae\" data-id=\"61914ae\" data-element_type=\"column\">\n\t\t\t<div class=\"elementor-widget-wrap elementor-element-populated\">\n\t\t\t\t\t\t\t\t<div class=\"elementor-element elementor-element-57a9d74 elementor-widget elementor-widget-image\" data-id=\"57a9d74\" data-element_type=\"widget\" data-widget_type=\"image.default\">\n\t\t\t\t<div class=\"elementor-widget-container\">\n\t\t\t<style>\/*! elementor - v3.13.3 - 28-05-2023 *\/\n.elementor-widget-image{text-align:center}.elementor-widget-image a{display:inline-block}.elementor-widget-image a img[src$=\".svg\"]{width:48px}.elementor-widget-image img{vertical-align:middle;display:inline-block}<\/style>\t\t\t\t\t\t\t\t\t\t\t\t<img loading=\"lazy\" decoding=\"async\" width=\"940\" height=\"788\" src=\"https:\/\/centremamgabon.org\/wp-content\/uploads\/2023\/05\/166129916_1136285226835680_312176264296102734_n.png\" class=\"attachment-large size-large wp-image-839\" alt=\"\" srcset=\"https:\/\/centremamgabon.org\/wp-content\/uploads\/2023\/05\/166129916_1136285226835680_312176264296102734_n.png 940w, https:\/\/centremamgabon.org\/wp-content\/uploads\/2023\/05\/166129916_1136285226835680_312176264296102734_n-300x251.png 300w, https:\/\/centremamgabon.org\/wp-content\/uploads\/2023\/05\/166129916_1136285226835680_312176264296102734_n-768x644.png 768w\" sizes=\"(max-width: 940px) 100vw, 940px\" \/>\t\t\t\t\t\t\t\t\t\t\t\t\t\t\t<\/div>\n\t\t\t\t<\/div>\n\t\t\t\t\t<\/div>\n\t\t<\/div>\n\t\t\t\t\t\t\t<\/div>\n\t\t<\/section>\n\t\t\t\t\t\t\t<\/div>\n\t\t","protected":false},"excerpt":{"rendered":"","protected":false},"author":1,"featured_media":0,"parent":0,"menu_order":0,"comment_status":"closed","ping_status":"closed","template":"","meta":{"footnotes":""},"yoast_head":"<!-- This site is optimized with the Yoast SEO plugin v20.7 - https:\/\/yoast.com\/wordpress\/plugins\/seo\/ -->\n<title>Autisme et troubles associ\u00e9s<\/title>\n<meta name=\"description\" content=\"Qu&#039;est ce que l&#039;autisme ? Que faire si mon enfant est concern\u00e9 ? Quelles sont les d\u00e9marches \u00e0 entreprendre apr\u00e8s le diagnostic ?\" \/>\n<meta name=\"robots\" content=\"index, follow, max-snippet:-1, max-image-preview:large, max-video-preview:-1\" \/>\n<link rel=\"canonical\" href=\"https:\/\/centremamgabon.org\/?page_id=15\" \/>\n<meta property=\"og:locale\" content=\"fr_FR\" \/>\n<meta property=\"og:type\" content=\"article\" \/>\n<meta property=\"og:title\" content=\"Autisme et troubles associ\u00e9s\" \/>\n<meta property=\"og:description\" content=\"Qu&#039;est ce que l&#039;autisme ? Que faire si mon enfant est concern\u00e9 ? Quelles sont les d\u00e9marches \u00e0 entreprendre apr\u00e8s le diagnostic ?\" \/>\n<meta property=\"og:url\" content=\"https:\/\/centremamgabon.org\/?page_id=15\" \/>\n<meta property=\"og:site_name\" content=\"Centre de R\u00e9\u00e9ducation Mot \u00e0 Mot\" \/>\n<meta property=\"article:modified_time\" content=\"2023-05-31T10:02:48+00:00\" \/>\n<meta property=\"og:image\" content=\"http:\/\/centremamgabon.org\/wp-content\/uploads\/2023\/05\/166129916_1136285226835680_312176264296102734_n.png\" \/>\n<meta name=\"twitter:card\" content=\"summary_large_image\" \/>\n<meta name=\"twitter:label1\" content=\"Dur\u00e9e de lecture estim\u00e9e\" \/>\n\t<meta name=\"twitter:data1\" content=\"1 minute\" \/>\n<script type=\"application\/ld+json\" class=\"yoast-schema-graph\">{\"@context\":\"https:\/\/schema.org\",\"@graph\":[{\"@type\":\"WebPage\",\"@id\":\"https:\/\/centremamgabon.org\/?page_id=15\",\"url\":\"https:\/\/centremamgabon.org\/?page_id=15\",\"name\":\"Autisme et troubles associ\u00e9s\",\"isPartOf\":{\"@id\":\"https:\/\/centremamgabon.org\/#website\"},\"datePublished\":\"2023-05-06T10:41:14+00:00\",\"dateModified\":\"2023-05-31T10:02:48+00:00\",\"description\":\"Qu'est ce que l'autisme ? Que faire si mon enfant est concern\u00e9 ? Quelles sont les d\u00e9marches \u00e0 entreprendre apr\u00e8s le diagnostic ?\",\"breadcrumb\":{\"@id\":\"https:\/\/centremamgabon.org\/?page_id=15#breadcrumb\"},\"inLanguage\":\"fr-FR\",\"potentialAction\":[{\"@type\":\"ReadAction\",\"target\":[\"https:\/\/centremamgabon.org\/?page_id=15\"]}]},{\"@type\":\"BreadcrumbList\",\"@id\":\"https:\/\/centremamgabon.org\/?page_id=15#breadcrumb\",\"itemListElement\":[{\"@type\":\"ListItem\",\"position\":1,\"name\":\"Accueil\",\"item\":\"https:\/\/centremamgabon.org\/\"},{\"@type\":\"ListItem\",\"position\":2,\"name\":\"Autisme et troubles associ\u00e9s\"}]},{\"@type\":\"WebSite\",\"@id\":\"https:\/\/centremamgabon.org\/#website\",\"url\":\"https:\/\/centremamgabon.org\/\",\"name\":\"Centre de R\u00e9\u00e9ducation Mot \u00e0 Mot\",\"description\":\"Tous unis contre l&#039;handicap chez l&#039;enfant\",\"publisher\":{\"@id\":\"https:\/\/centremamgabon.org\/#organization\"},\"potentialAction\":[{\"@type\":\"SearchAction\",\"target\":{\"@type\":\"EntryPoint\",\"urlTemplate\":\"https:\/\/centremamgabon.org\/?s={search_term_string}\"},\"query-input\":\"required name=search_term_string\"}],\"inLanguage\":\"fr-FR\"},{\"@type\":\"Organization\",\"@id\":\"https:\/\/centremamgabon.org\/#organization\",\"name\":\"Centre de R\u00e9\u00e9ducation Mot \u00e0 Mot\",\"url\":\"https:\/\/centremamgabon.org\/\",\"logo\":{\"@type\":\"ImageObject\",\"inLanguage\":\"fr-FR\",\"@id\":\"https:\/\/centremamgabon.org\/#\/schema\/logo\/image\/\",\"url\":\"https:\/\/centremamgabon.org\/wp-content\/uploads\/2023\/05\/cropped-Logo-texte-Mot-a-Mot.png\",\"contentUrl\":\"https:\/\/centremamgabon.org\/wp-content\/uploads\/2023\/05\/cropped-Logo-texte-Mot-a-Mot.png\",\"width\":318,\"height\":102,\"caption\":\"Centre de R\u00e9\u00e9ducation Mot \u00e0 Mot\"},\"image\":{\"@id\":\"https:\/\/centremamgabon.org\/#\/schema\/logo\/image\/\"}}]}<\/script>\n<!-- \/ Yoast SEO plugin. -->","yoast_head_json":{"title":"Autisme et troubles associ\u00e9s","description":"Qu'est ce que l'autisme ? Que faire si mon enfant est concern\u00e9 ? Quelles sont les d\u00e9marches \u00e0 entreprendre apr\u00e8s le diagnostic ?","robots":{"index":"index","follow":"follow","max-snippet":"max-snippet:-1","max-image-preview":"max-image-preview:large","max-video-preview":"max-video-preview:-1"},"canonical":"https:\/\/centremamgabon.org\/?page_id=15","og_locale":"fr_FR","og_type":"article","og_title":"Autisme et troubles associ\u00e9s","og_description":"Qu'est ce que l'autisme ? Que faire si mon enfant est concern\u00e9 ? Quelles sont les d\u00e9marches \u00e0 entreprendre apr\u00e8s le diagnostic ?","og_url":"https:\/\/centremamgabon.org\/?page_id=15","og_site_name":"Centre de R\u00e9\u00e9ducation Mot \u00e0 Mot","article_modified_time":"2023-05-31T10:02:48+00:00","og_image":[{"url":"http:\/\/centremamgabon.org\/wp-content\/uploads\/2023\/05\/166129916_1136285226835680_312176264296102734_n.png"}],"twitter_card":"summary_large_image","twitter_misc":{"Dur\u00e9e de lecture estim\u00e9e":"1 minute"},"schema":{"@context":"https:\/\/schema.org","@graph":[{"@type":"WebPage","@id":"https:\/\/centremamgabon.org\/?page_id=15","url":"https:\/\/centremamgabon.org\/?page_id=15","name":"Autisme et troubles associ\u00e9s","isPartOf":{"@id":"https:\/\/centremamgabon.org\/#website"},"datePublished":"2023-05-06T10:41:14+00:00","dateModified":"2023-05-31T10:02:48+00:00","description":"Qu'est ce que l'autisme ? Que faire si mon enfant est concern\u00e9 ? Quelles sont les d\u00e9marches \u00e0 entreprendre apr\u00e8s le diagnostic ?","breadcrumb":{"@id":"https:\/\/centremamgabon.org\/?page_id=15#breadcrumb"},"inLanguage":"fr-FR","potentialAction":[{"@type":"ReadAction","target":["https:\/\/centremamgabon.org\/?page_id=15"]}]},{"@type":"BreadcrumbList","@id":"https:\/\/centremamgabon.org\/?page_id=15#breadcrumb","itemListElement":[{"@type":"ListItem","position":1,"name":"Accueil","item":"https:\/\/centremamgabon.org\/"},{"@type":"ListItem","position":2,"name":"Autisme et troubles associ\u00e9s"}]},{"@type":"WebSite","@id":"https:\/\/centremamgabon.org\/#website","url":"https:\/\/centremamgabon.org\/","name":"Centre de R\u00e9\u00e9ducation Mot \u00e0 Mot","description":"Tous unis contre l&#039;handicap chez l&#039;enfant","publisher":{"@id":"https:\/\/centremamgabon.org\/#organization"},"potentialAction":[{"@type":"SearchAction","target":{"@type":"EntryPoint","urlTemplate":"https:\/\/centremamgabon.org\/?s={search_term_string}"},"query-input":"required name=search_term_string"}],"inLanguage":"fr-FR"},{"@type":"Organization","@id":"https:\/\/centremamgabon.org\/#organization","name":"Centre de R\u00e9\u00e9ducation Mot \u00e0 Mot","url":"https:\/\/centremamgabon.org\/","logo":{"@type":"ImageObject","inLanguage":"fr-FR","@id":"https:\/\/centremamgabon.org\/#\/schema\/logo\/image\/","url":"https:\/\/centremamgabon.org\/wp-content\/uploads\/2023\/05\/cropped-Logo-texte-Mot-a-Mot.png","contentUrl":"https:\/\/centremamgabon.org\/wp-content\/uploads\/2023\/05\/cropped-Logo-texte-Mot-a-Mot.png","width":318,"height":102,"caption":"Centre de R\u00e9\u00e9ducation Mot \u00e0 Mot"},"image":{"@id":"https:\/\/centremamgabon.org\/#\/schema\/logo\/image\/"}}]}},"_links":{"self":[{"href":"https:\/\/centremamgabon.org\/index.php?rest_route=\/wp\/v2\/pages\/15"}],"collection":[{"href":"https:\/\/centremamgabon.org\/index.php?rest_route=\/wp\/v2\/pages"}],"about":[{"href":"https:\/\/centremamgabon.org\/index.php?rest_route=\/wp\/v2\/types\/page"}],"author":[{"embeddable":true,"href":"https:\/\/centremamgabon.org\/index.php?rest_route=\/wp\/v2\/users\/1"}],"replies":[{"embeddable":true,"href":"https:\/\/centremamgabon.org\/index.php?rest_route=%2Fwp%2Fv2%2Fcomments&post=15"}],"version-history":[{"count":20,"href":"https:\/\/centremamgabon.org\/index.php?rest_route=\/wp\/v2\/pages\/15\/revisions"}],"predecessor-version":[{"id":3075,"href":"https:\/\/centremamgabon.org\/index.php?rest_route=\/wp\/v2\/pages\/15\/revisions\/3075"}],"wp:attachment":[{"href":"https:\/\/centremamgabon.org\/index.php?rest_route=%2Fwp%2Fv2%2Fmedia&parent=15"}],"curies":[{"name":"wp","href":"https:\/\/api.w.org\/{rel}","templated":true}]}}